{"id":16975,"date":"2023-03-24T01:23:26","date_gmt":"2023-03-24T01:23:26","guid":{"rendered":"https:\/\/www.maffer.ind.br\/site\/?post_type=product&#038;p=16975"},"modified":"2024-03-15T19:41:05","modified_gmt":"2024-03-15T19:41:05","slug":"dispositivos-para-controle-dimensional","status":"publish","type":"product","link":"https:\/\/www.maffer.ind.br\/site\/produto\/dispositivos-para-controle-dimensional\/","title":{"rendered":"Dispositivos para Controle Dimensional"},"content":{"rendered":"<p>Adequados para controle de pe\u00e7as com toler\u00e2ncias restritas, esses sistemas garantem precis\u00e3o, repetibilidade e confiabilidade inigual\u00e1veis na medi\u00e7\u00e3o das dimens\u00f5es das pe\u00e7as.<\/p>\n","protected":false},"excerpt":{"rendered":"<p>Adequados para controle de pe\u00e7as com toler\u00e2ncias restritas, esses sistemas garantem precis\u00e3o, repetibilidade e confiabilidade inigual\u00e1veis na medi\u00e7\u00e3o das dimens\u00f5es das pe\u00e7as.<\/p>\n","protected":false},"featured_media":16976,"template":"","meta":[],"product_brand":[],"product_cat":[196],"product_tag":[],"class_list":{"0":"post-16975","1":"product","2":"type-product","3":"status-publish","4":"has-post-thumbnail","6":"product_cat-dispositivos","8":"first","9":"instock","10":"shipping-taxable","11":"product-type-external"},"_links":{"self":[{"href":"https:\/\/www.maffer.ind.br\/site\/wp-json\/wp\/v2\/product\/16975","targetHints":{"allow":["GET"]}}],"collection":[{"href":"https:\/\/www.maffer.ind.br\/site\/wp-json\/wp\/v2\/product"}],"about":[{"href":"https:\/\/www.maffer.ind.br\/site\/wp-json\/wp\/v2\/types\/product"}],"wp:featuredmedia":[{"embeddable":true,"href":"https:\/\/www.maffer.ind.br\/site\/wp-json\/wp\/v2\/media\/16976"}],"wp:attachment":[{"href":"https:\/\/www.maffer.ind.br\/site\/wp-json\/wp\/v2\/media?parent=16975"}],"wp:term":[{"taxonomy":"product_brand","embeddable":true,"href":"https:\/\/www.maffer.ind.br\/site\/wp-json\/wp\/v2\/product_brand?post=16975"},{"taxonomy":"product_cat","embeddable":true,"href":"https:\/\/www.maffer.ind.br\/site\/wp-json\/wp\/v2\/product_cat?post=16975"},{"taxonomy":"product_tag","embeddable":true,"href":"https:\/\/www.maffer.ind.br\/site\/wp-json\/wp\/v2\/product_tag?post=16975"}],"curies":[{"name":"wp","href":"https:\/\/api.w.org\/{rel}","templated":true}]}}