{"id":16969,"date":"2023-03-24T01:17:47","date_gmt":"2023-03-24T01:17:47","guid":{"rendered":"https:\/\/www.maffer.ind.br\/site\/?post_type=product&#038;p=16969"},"modified":"2024-04-15T14:33:43","modified_gmt":"2024-04-15T14:33:43","slug":"guia-esferica-com-base-auxiliar","status":"publish","type":"product","link":"https:\/\/www.maffer.ind.br\/site\/produto\/guia-esferica-com-base-auxiliar\/","title":{"rendered":"Guia Esf\u00e9rica com Base Auxiliar"},"content":{"rendered":"<p>Modelo Especial com fixa\u00e7\u00e3o atrav\u00e9s de base auxiliar.<\/p>\n","protected":false},"excerpt":{"rendered":"<p>Este componente \u00e9 aplicado como guia para a haste do articulado. Permite compensar a flex\u00e3o da haste em grandes movimentos de extra\u00e7\u00e3o, buscando melhorar o alinhamento dos movimentos. \u00c9 aplicado quando existe a necessidade de qualificar o movimento retil\u00edneo. O sistema de guia com esfera \u00e9 apresentado de forma a atender ao projeto do cliente e possui dois tipos de configura\u00e7\u00e3o, com fixa\u00e7\u00e3o ao molde atrav\u00e9s de uma base retangular auxiliar ou diretamente pelo corpo do alojamento da esfera.<\/p>\n","protected":false},"featured_media":16970,"template":"","meta":[],"product_brand":[],"product_cat":[195],"product_tag":[],"class_list":{"0":"post-16969","1":"product","2":"type-product","3":"status-publish","4":"has-post-thumbnail","6":"product_cat-componentes-especiais-para-moldes","8":"first","9":"instock","10":"shipping-taxable","11":"product-type-external"},"_links":{"self":[{"href":"https:\/\/www.maffer.ind.br\/site\/wp-json\/wp\/v2\/product\/16969","targetHints":{"allow":["GET"]}}],"collection":[{"href":"https:\/\/www.maffer.ind.br\/site\/wp-json\/wp\/v2\/product"}],"about":[{"href":"https:\/\/www.maffer.ind.br\/site\/wp-json\/wp\/v2\/types\/product"}],"wp:featuredmedia":[{"embeddable":true,"href":"https:\/\/www.maffer.ind.br\/site\/wp-json\/wp\/v2\/media\/16970"}],"wp:attachment":[{"href":"https:\/\/www.maffer.ind.br\/site\/wp-json\/wp\/v2\/media?parent=16969"}],"wp:term":[{"taxonomy":"product_brand","embeddable":true,"href":"https:\/\/www.maffer.ind.br\/site\/wp-json\/wp\/v2\/product_brand?post=16969"},{"taxonomy":"product_cat","embeddable":true,"href":"https:\/\/www.maffer.ind.br\/site\/wp-json\/wp\/v2\/product_cat?post=16969"},{"taxonomy":"product_tag","embeddable":true,"href":"https:\/\/www.maffer.ind.br\/site\/wp-json\/wp\/v2\/product_tag?post=16969"}],"curies":[{"name":"wp","href":"https:\/\/api.w.org\/{rel}","templated":true}]}}