{"id":16963,"date":"2023-03-24T01:11:59","date_gmt":"2023-03-24T01:11:59","guid":{"rendered":"https:\/\/www.maffer.ind.br\/site\/?post_type=product&#038;p=16963"},"modified":"2024-04-15T14:36:40","modified_gmt":"2024-04-15T14:36:40","slug":"carro-para-grandes-angulos-com-haste-auxiliar-dupla","status":"publish","type":"product","link":"https:\/\/www.maffer.ind.br\/site\/produto\/carro-para-grandes-angulos-com-haste-auxiliar-dupla\/","title":{"rendered":"Carro para Grandes \u00c2ngulos com Haste Auxiliar Dupla"},"content":{"rendered":"<p>Nos casos de maior instabilidade os conjuntos podem ser fornecidos de forma especial com hastes m\u00faltiplas.<\/p>\n","protected":false},"excerpt":{"rendered":"<p><strong>Modelos Especiais<\/strong><\/p>\n<p>Visando atender necessidades espec\u00edficas de seus clientes a Maffer tamb\u00e9m oferece a fabrica\u00e7\u00e3o de modelos especiais. Os carros deslizantes t\u00eam sua fun\u00e7\u00e3o para guia na base das hastes de movimenta\u00e7\u00e3o angular. \u00c9 utilizado para extra\u00e7\u00e3o de detalhes de dif\u00edcil desmoldagem interna e negativos, sem condi\u00e7\u00f5es para sa\u00edda vertical. Os carros deslizantes Maffer, n\u00e3o necessitam de lubrifica\u00e7\u00e3o em seu funcionamento. Eles possuem efeito de absorver e compensar pequenas flex\u00f5es e desvios angulares. Os modelos s\u00e3o diversos e vari\u00e1veis, dependendo de sua aplica\u00e7\u00e3o.<\/p>\n","protected":false},"featured_media":16964,"template":"","meta":[],"product_brand":[],"product_cat":[195],"product_tag":[],"class_list":{"0":"post-16963","1":"product","2":"type-product","3":"status-publish","4":"has-post-thumbnail","6":"product_cat-componentes-especiais-para-moldes","8":"first","9":"instock","10":"shipping-taxable","11":"product-type-external"},"_links":{"self":[{"href":"https:\/\/www.maffer.ind.br\/site\/wp-json\/wp\/v2\/product\/16963","targetHints":{"allow":["GET"]}}],"collection":[{"href":"https:\/\/www.maffer.ind.br\/site\/wp-json\/wp\/v2\/product"}],"about":[{"href":"https:\/\/www.maffer.ind.br\/site\/wp-json\/wp\/v2\/types\/product"}],"wp:featuredmedia":[{"embeddable":true,"href":"https:\/\/www.maffer.ind.br\/site\/wp-json\/wp\/v2\/media\/16964"}],"wp:attachment":[{"href":"https:\/\/www.maffer.ind.br\/site\/wp-json\/wp\/v2\/media?parent=16963"}],"wp:term":[{"taxonomy":"product_brand","embeddable":true,"href":"https:\/\/www.maffer.ind.br\/site\/wp-json\/wp\/v2\/product_brand?post=16963"},{"taxonomy":"product_cat","embeddable":true,"href":"https:\/\/www.maffer.ind.br\/site\/wp-json\/wp\/v2\/product_cat?post=16963"},{"taxonomy":"product_tag","embeddable":true,"href":"https:\/\/www.maffer.ind.br\/site\/wp-json\/wp\/v2\/product_tag?post=16963"}],"curies":[{"name":"wp","href":"https:\/\/api.w.org\/{rel}","templated":true}]}}