{"id":16959,"date":"2023-03-24T01:07:43","date_gmt":"2023-03-24T01:07:43","guid":{"rendered":"https:\/\/www.maffer.ind.br\/site\/?post_type=product&#038;p=16959"},"modified":"2024-04-15T14:40:27","modified_gmt":"2024-04-15T14:40:27","slug":"carro-com-alojamento-esferico-da-haste","status":"publish","type":"product","link":"https:\/\/www.maffer.ind.br\/site\/produto\/carro-com-alojamento-esferico-da-haste\/","title":{"rendered":"Carro com Alojamento Esf\u00e9rico da Haste"},"content":{"rendered":"<p><strong>Modelos Especiais<\/strong><\/p>\n<p>Visando atender necessidades espec\u00edficas de seus clientes a Maffer tamb\u00e9m oferece a fabrica\u00e7\u00e3o de modelos especiais.<\/p>\n<p>Os carros deslizantes t\u00eam sua fun\u00e7\u00e3o para guia na base das hastes de movimenta\u00e7\u00e3o angular.<\/p>\n<p>\u00c9 utilizado para extra\u00e7\u00e3o de detalhes de dif\u00edcil desmoldagem interna e negativos, sem condi\u00e7\u00f5es para sa\u00edda vertical.<\/p>\n<p>Os carros deslizantes Maffer, n\u00e3o necessitam de lubrifica\u00e7\u00e3o em seu funcionamento.<\/p>\n<p>Eles possuem efeito de absorver e compensar pequenas flex\u00f5es e desvios angulares.<\/p>\n<p>Os modelos s\u00e3o diversos e vari\u00e1veis, dependendo de sua aplica\u00e7\u00e3o.<\/p>\n","protected":false},"excerpt":{"rendered":"<p>Este modelo \u00e9 aplicado para os casos da necessidade da haste ter compensa\u00e7\u00e3o esf\u00e9rica pelo posicionamento angular do conjunto. Possui regulagem no comprimento da haste e inclus\u00e3o para refrigera\u00e7\u00e3o interna.<\/p>\n","protected":false},"featured_media":16960,"template":"","meta":[],"product_brand":[],"product_cat":[195],"product_tag":[],"class_list":{"0":"post-16959","1":"product","2":"type-product","3":"status-publish","4":"has-post-thumbnail","6":"product_cat-componentes-especiais-para-moldes","8":"first","9":"instock","10":"shipping-taxable","11":"product-type-external"},"_links":{"self":[{"href":"https:\/\/www.maffer.ind.br\/site\/wp-json\/wp\/v2\/product\/16959","targetHints":{"allow":["GET"]}}],"collection":[{"href":"https:\/\/www.maffer.ind.br\/site\/wp-json\/wp\/v2\/product"}],"about":[{"href":"https:\/\/www.maffer.ind.br\/site\/wp-json\/wp\/v2\/types\/product"}],"wp:featuredmedia":[{"embeddable":true,"href":"https:\/\/www.maffer.ind.br\/site\/wp-json\/wp\/v2\/media\/16960"}],"wp:attachment":[{"href":"https:\/\/www.maffer.ind.br\/site\/wp-json\/wp\/v2\/media?parent=16959"}],"wp:term":[{"taxonomy":"product_brand","embeddable":true,"href":"https:\/\/www.maffer.ind.br\/site\/wp-json\/wp\/v2\/product_brand?post=16959"},{"taxonomy":"product_cat","embeddable":true,"href":"https:\/\/www.maffer.ind.br\/site\/wp-json\/wp\/v2\/product_cat?post=16959"},{"taxonomy":"product_tag","embeddable":true,"href":"https:\/\/www.maffer.ind.br\/site\/wp-json\/wp\/v2\/product_tag?post=16959"}],"curies":[{"name":"wp","href":"https:\/\/api.w.org\/{rel}","templated":true}]}}