{"id":16958,"date":"2023-03-24T00:06:43","date_gmt":"2023-03-24T00:06:43","guid":{"rendered":"https:\/\/www.maffer.ind.br\/site\/?post_type=product&#038;p=16958"},"modified":"2024-04-15T14:40:47","modified_gmt":"2024-04-15T14:40:47","slug":"guia-esferica-modelo-mfmtg-l-r","status":"publish","type":"product","link":"https:\/\/www.maffer.ind.br\/site\/produto\/guia-esferica-modelo-mfmtg-l-r\/","title":{"rendered":"10 &#8211; Guia Esf\u00e9rica Modelo MFMTG-L\/R"},"content":{"rendered":"<p>Este componente \u00e9 aplicado como guia para a haste do articulado. Permite compensar a flex\u00e3o da haste em grandes movimentos de extra\u00e7\u00e3o, buscando melhorar o alinhamento dos movimentos.<\/p>\n<p>\u00c9 aplicado quando existe a necessidade de qualificar o movimento retil\u00edneo.<\/p>\n","protected":false},"excerpt":{"rendered":"<p>Disponibilidade de tamanhos padronizados para as hastes:<\/p>\n<ul>\n<li>MFMTG-L\/R-08<\/li>\n<li>MFMTG-L\/R-10<\/li>\n<li>MFMTG-L\/R-12<\/li>\n<li>MFMTG-L\/R-16<\/li>\n<li>MFMTG-L\/R-20<\/li>\n<li>MFMTG-L\/R-25<\/li>\n<li>MFMTG-L\/R-30<\/li>\n<\/ul>\n","protected":false},"featured_media":17538,"template":"","meta":[],"product_brand":[],"product_cat":[194],"product_tag":[],"class_list":{"0":"post-16958","1":"product","2":"type-product","3":"status-publish","4":"has-post-thumbnail","6":"product_cat-componentes-padronizados-para-moldes","8":"first","9":"instock","10":"shipping-taxable","11":"product-type-external"},"_links":{"self":[{"href":"https:\/\/www.maffer.ind.br\/site\/wp-json\/wp\/v2\/product\/16958","targetHints":{"allow":["GET"]}}],"collection":[{"href":"https:\/\/www.maffer.ind.br\/site\/wp-json\/wp\/v2\/product"}],"about":[{"href":"https:\/\/www.maffer.ind.br\/site\/wp-json\/wp\/v2\/types\/product"}],"wp:featuredmedia":[{"embeddable":true,"href":"https:\/\/www.maffer.ind.br\/site\/wp-json\/wp\/v2\/media\/17538"}],"wp:attachment":[{"href":"https:\/\/www.maffer.ind.br\/site\/wp-json\/wp\/v2\/media?parent=16958"}],"wp:term":[{"taxonomy":"product_brand","embeddable":true,"href":"https:\/\/www.maffer.ind.br\/site\/wp-json\/wp\/v2\/product_brand?post=16958"},{"taxonomy":"product_cat","embeddable":true,"href":"https:\/\/www.maffer.ind.br\/site\/wp-json\/wp\/v2\/product_cat?post=16958"},{"taxonomy":"product_tag","embeddable":true,"href":"https:\/\/www.maffer.ind.br\/site\/wp-json\/wp\/v2\/product_tag?post=16958"}],"curies":[{"name":"wp","href":"https:\/\/api.w.org\/{rel}","templated":true}]}}