{"id":16952,"date":"2023-03-24T00:01:55","date_gmt":"2023-03-24T00:01:55","guid":{"rendered":"https:\/\/www.maffer.ind.br\/site\/?post_type=product&#038;p=16952"},"modified":"2024-04-15T14:42:44","modified_gmt":"2024-04-15T14:42:44","slug":"suporte-articulado-modelo-mrcphf-e-mrcphm","status":"publish","type":"product","link":"https:\/\/www.maffer.ind.br\/site\/produto\/suporte-articulado-modelo-mrcphf-e-mrcphm\/","title":{"rendered":"08 &#8211; Suporte Articulado Modelo MRCPHF e MRCPHM"},"content":{"rendered":"<p>Modelo MRCPHF e MRCPHM<\/p>\n<p>Estrutura simples, econ\u00f4mica e \u00fatil para reduzir o espa\u00e7o de montagem.<\/p>\n","protected":false},"excerpt":{"rendered":"<p><strong>MRCPHF<\/strong><\/p>\n<ul>\n<li>MRCPHF-10<\/li>\n<li>MRCPHF-12<\/li>\n<li>MRCPHF-16<\/li>\n<li>MRCPHF-20<\/li>\n<li>MRCPHF-25<\/li>\n<li>MRCPHF-30<\/li>\n<li>MRCPHF-35<\/li>\n<li>MRCPHF-40<\/li>\n<\/ul>\n<p><strong>MRCPHM<\/strong><\/p>\n<ul>\n<li>MRCPHM-16<\/li>\n<li>MRCPHM-20<\/li>\n<li>MRCPHM-25<\/li>\n<li>MRCPHM-30<\/li>\n<li>MRCPHM-35<\/li>\n<li>MRCPHM-40<\/li>\n<\/ul>\n<p>&nbsp;<\/p>\n<h3><\/h3>\n","protected":false},"featured_media":16954,"template":"","meta":[],"product_brand":[],"product_cat":[194],"product_tag":[],"class_list":{"0":"post-16952","1":"product","2":"type-product","3":"status-publish","4":"has-post-thumbnail","6":"product_cat-componentes-padronizados-para-moldes","8":"first","9":"instock","10":"shipping-taxable","11":"product-type-external"},"_links":{"self":[{"href":"https:\/\/www.maffer.ind.br\/site\/wp-json\/wp\/v2\/product\/16952","targetHints":{"allow":["GET"]}}],"collection":[{"href":"https:\/\/www.maffer.ind.br\/site\/wp-json\/wp\/v2\/product"}],"about":[{"href":"https:\/\/www.maffer.ind.br\/site\/wp-json\/wp\/v2\/types\/product"}],"wp:featuredmedia":[{"embeddable":true,"href":"https:\/\/www.maffer.ind.br\/site\/wp-json\/wp\/v2\/media\/16954"}],"wp:attachment":[{"href":"https:\/\/www.maffer.ind.br\/site\/wp-json\/wp\/v2\/media?parent=16952"}],"wp:term":[{"taxonomy":"product_brand","embeddable":true,"href":"https:\/\/www.maffer.ind.br\/site\/wp-json\/wp\/v2\/product_brand?post=16952"},{"taxonomy":"product_cat","embeddable":true,"href":"https:\/\/www.maffer.ind.br\/site\/wp-json\/wp\/v2\/product_cat?post=16952"},{"taxonomy":"product_tag","embeddable":true,"href":"https:\/\/www.maffer.ind.br\/site\/wp-json\/wp\/v2\/product_tag?post=16952"}],"curies":[{"name":"wp","href":"https:\/\/api.w.org\/{rel}","templated":true}]}}