{"id":16949,"date":"2023-03-23T23:55:48","date_gmt":"2023-03-23T23:55:48","guid":{"rendered":"https:\/\/www.maffer.ind.br\/site\/?post_type=product&#038;p=16949"},"modified":"2024-04-15T14:43:05","modified_gmt":"2024-04-15T14:43:05","slug":"suporte-articulado-modelo-mkphf-e-mkphm","status":"publish","type":"product","link":"https:\/\/www.maffer.ind.br\/site\/produto\/suporte-articulado-modelo-mkphf-e-mkphm\/","title":{"rendered":"07 &#8211; Suporte Articulado Modelo MKPHF e MKPHM"},"content":{"rendered":"<p><strong>Modelo MKPHF e MKPHM<\/strong><\/p>\n<p>Estrutura simples, econ\u00f4mica e \u00fatil para reduzir o espa\u00e7o de montagem.<\/p>\n","protected":false},"excerpt":{"rendered":"<p><strong>MKPHF<\/strong><\/p>\n<ul>\n<li>MKPHF-08<\/li>\n<li>MKPHF-10<\/li>\n<li>MKPHF-12<\/li>\n<li>MKPHF-16<\/li>\n<li>MKPHF-20<\/li>\n<li>MKPHF-25<\/li>\n<li>MKPHF-30<\/li>\n<li>MKPHF-35<\/li>\n<li>MKPHF-40<\/li>\n<\/ul>\n<p><strong>MKPHM<\/strong><\/p>\n<ul>\n<li>MKPHM-16<\/li>\n<li>MKPHM-20<\/li>\n<li>MKPHM-25<\/li>\n<li>MKPHM-30<\/li>\n<li>MKPHM-35<\/li>\n<li>MKPHM-40<\/li>\n<\/ul>\n<p>&nbsp;<\/p>\n<h3><\/h3>\n","protected":false},"featured_media":16950,"template":"","meta":[],"product_brand":[],"product_cat":[194],"product_tag":[],"class_list":{"0":"post-16949","1":"product","2":"type-product","3":"status-publish","4":"has-post-thumbnail","6":"product_cat-componentes-padronizados-para-moldes","8":"first","9":"instock","10":"shipping-taxable","11":"product-type-external"},"_links":{"self":[{"href":"https:\/\/www.maffer.ind.br\/site\/wp-json\/wp\/v2\/product\/16949","targetHints":{"allow":["GET"]}}],"collection":[{"href":"https:\/\/www.maffer.ind.br\/site\/wp-json\/wp\/v2\/product"}],"about":[{"href":"https:\/\/www.maffer.ind.br\/site\/wp-json\/wp\/v2\/types\/product"}],"wp:featuredmedia":[{"embeddable":true,"href":"https:\/\/www.maffer.ind.br\/site\/wp-json\/wp\/v2\/media\/16950"}],"wp:attachment":[{"href":"https:\/\/www.maffer.ind.br\/site\/wp-json\/wp\/v2\/media?parent=16949"}],"wp:term":[{"taxonomy":"product_brand","embeddable":true,"href":"https:\/\/www.maffer.ind.br\/site\/wp-json\/wp\/v2\/product_brand?post=16949"},{"taxonomy":"product_cat","embeddable":true,"href":"https:\/\/www.maffer.ind.br\/site\/wp-json\/wp\/v2\/product_cat?post=16949"},{"taxonomy":"product_tag","embeddable":true,"href":"https:\/\/www.maffer.ind.br\/site\/wp-json\/wp\/v2\/product_tag?post=16949"}],"curies":[{"name":"wp","href":"https:\/\/api.w.org\/{rel}","templated":true}]}}