{"id":16947,"date":"2023-03-23T23:51:02","date_gmt":"2023-03-23T23:51:02","guid":{"rendered":"https:\/\/www.maffer.ind.br\/site\/?post_type=product&#038;p=16947"},"modified":"2024-04-15T14:44:31","modified_gmt":"2024-04-15T14:44:31","slug":"acelerador-de-extracao-balancim-modelo-mz141","status":"publish","type":"product","link":"https:\/\/www.maffer.ind.br\/site\/produto\/acelerador-de-extracao-balancim-modelo-mz141\/","title":{"rendered":"06 &#8211; Acelerador de Extra\u00e7\u00e3o Balancim Modelo MZ141"},"content":{"rendered":"<p>Os elementos possuem sua fun\u00e7\u00e3o em antecipar a extra\u00e7\u00e3o da pe\u00e7a em pontos espec\u00edficos do produto, quando no est\u00e1gio final do curso de extra\u00e7\u00e3o, permitindo aumentar o curso de pinos extratores espec\u00edficos com o aproveitamento do mesmo curso de extra\u00e7\u00e3o do molde.<\/p>\n<p>O sistema de acelerador para extra\u00e7\u00e3o por efeito de balancim \u00e9 o mais econ\u00f4mico da categoria, n\u00e3o exige grandes preparativos no projeto do molde. Este componente possui f\u00e1cil montagem sem necessidade de ajustes em seu alojamento.<\/p>\n","protected":false},"excerpt":{"rendered":"<p>Disponibilidade de tamanhos padronizados para os pinos extratores.<\/p>\n<ul>\n<li>MZ141-3<\/li>\n<li>MZ141-6<\/li>\n<li>MZ141-8<\/li>\n<\/ul>\n<p>&nbsp;<\/p>\n<h3><\/h3>\n","protected":false},"featured_media":16948,"template":"","meta":[],"product_brand":[],"product_cat":[194],"product_tag":[],"class_list":{"0":"post-16947","1":"product","2":"type-product","3":"status-publish","4":"has-post-thumbnail","6":"product_cat-componentes-padronizados-para-moldes","8":"first","9":"instock","10":"shipping-taxable","11":"product-type-external"},"_links":{"self":[{"href":"https:\/\/www.maffer.ind.br\/site\/wp-json\/wp\/v2\/product\/16947","targetHints":{"allow":["GET"]}}],"collection":[{"href":"https:\/\/www.maffer.ind.br\/site\/wp-json\/wp\/v2\/product"}],"about":[{"href":"https:\/\/www.maffer.ind.br\/site\/wp-json\/wp\/v2\/types\/product"}],"wp:featuredmedia":[{"embeddable":true,"href":"https:\/\/www.maffer.ind.br\/site\/wp-json\/wp\/v2\/media\/16948"}],"wp:attachment":[{"href":"https:\/\/www.maffer.ind.br\/site\/wp-json\/wp\/v2\/media?parent=16947"}],"wp:term":[{"taxonomy":"product_brand","embeddable":true,"href":"https:\/\/www.maffer.ind.br\/site\/wp-json\/wp\/v2\/product_brand?post=16947"},{"taxonomy":"product_cat","embeddable":true,"href":"https:\/\/www.maffer.ind.br\/site\/wp-json\/wp\/v2\/product_cat?post=16947"},{"taxonomy":"product_tag","embeddable":true,"href":"https:\/\/www.maffer.ind.br\/site\/wp-json\/wp\/v2\/product_tag?post=16947"}],"curies":[{"name":"wp","href":"https:\/\/api.w.org\/{rel}","templated":true}]}}