{"id":16945,"date":"2023-03-23T23:47:03","date_gmt":"2023-03-23T23:47:03","guid":{"rendered":"https:\/\/www.maffer.ind.br\/site\/?post_type=product&#038;p=16945"},"modified":"2024-04-09T11:25:24","modified_gmt":"2024-04-09T11:25:24","slug":"estojos-de-gavetas-modelos-mfzir181-e-mfzmr181","status":"publish","type":"product","link":"https:\/\/www.maffer.ind.br\/site\/produto\/estojos-de-gavetas-modelos-mfzir181-e-mfzmr181\/","title":{"rendered":"04 &#8211; Estojos de Gavetas Modelos MFZIR181 e MFZMR181"},"content":{"rendered":"<p><strong>Modelo MFZIR181<\/strong><\/p>\n<p>Os estojos de gavetas s\u00e3o pr\u00e1ticos e fornecidos prontos, como uma grande alternativa para a engenharia e produ\u00e7\u00e3o do fabricante de moldes.<br \/>\nOs estojos s\u00e3o facilmente instalados e proporcionam uma a\u00e7\u00e3o com movimentos suaves.<\/p>\n<p>Neste modelo de estojos, existe a possibilidade do posti\u00e7o frontal ser fornecido desbastado com sobre metal nas regi\u00f5es em contato com o produto e fechamento.<\/p>\n<p><strong>Modelo MFZMR181<\/strong><\/p>\n<p>Os estojos de gavetas s\u00e3o pr\u00e1ticos e fornecidos prontos, como uma grande alternativa para a engenharia e produ\u00e7\u00e3o do fabricante de moldes.<\/p>\n<p>Os estojos s\u00e3o facilmente instalados e proporcionam uma a\u00e7\u00e3o com movimentos suaves.<\/p>\n<p>Neste modelo de estojos, tamb\u00e9m pode ser atendido em seu fornecimento com a gaveta maci\u00e7a ou preparada para receber posti\u00e7o, dependendo sempre da escolha pelo cliente na aplica\u00e7\u00e3o do molde.<\/p>\n","protected":false},"excerpt":{"rendered":"<p>Disponibilidade de tamanhos padronizados para as colunetas.<\/p>\n<ul>\n<li>MFZ181R-08<\/li>\n<li>MFZ181R-10<\/li>\n<\/ul>\n<h3><\/h3>\n","protected":false},"featured_media":16946,"template":"","meta":[],"product_brand":[],"product_cat":[194],"product_tag":[],"class_list":{"0":"post-16945","1":"product","2":"type-product","3":"status-publish","4":"has-post-thumbnail","6":"product_cat-componentes-padronizados-para-moldes","8":"first","9":"instock","10":"shipping-taxable","11":"product-type-external"},"_links":{"self":[{"href":"https:\/\/www.maffer.ind.br\/site\/wp-json\/wp\/v2\/product\/16945","targetHints":{"allow":["GET"]}}],"collection":[{"href":"https:\/\/www.maffer.ind.br\/site\/wp-json\/wp\/v2\/product"}],"about":[{"href":"https:\/\/www.maffer.ind.br\/site\/wp-json\/wp\/v2\/types\/product"}],"wp:featuredmedia":[{"embeddable":true,"href":"https:\/\/www.maffer.ind.br\/site\/wp-json\/wp\/v2\/media\/16946"}],"wp:attachment":[{"href":"https:\/\/www.maffer.ind.br\/site\/wp-json\/wp\/v2\/media?parent=16945"}],"wp:term":[{"taxonomy":"product_brand","embeddable":true,"href":"https:\/\/www.maffer.ind.br\/site\/wp-json\/wp\/v2\/product_brand?post=16945"},{"taxonomy":"product_cat","embeddable":true,"href":"https:\/\/www.maffer.ind.br\/site\/wp-json\/wp\/v2\/product_cat?post=16945"},{"taxonomy":"product_tag","embeddable":true,"href":"https:\/\/www.maffer.ind.br\/site\/wp-json\/wp\/v2\/product_tag?post=16945"}],"curies":[{"name":"wp","href":"https:\/\/api.w.org\/{rel}","templated":true}]}}