{"id":16942,"date":"2023-03-23T23:41:43","date_gmt":"2023-03-23T23:41:43","guid":{"rendered":"https:\/\/www.maffer.ind.br\/site\/?post_type=product&#038;p=16942"},"modified":"2024-04-09T11:25:54","modified_gmt":"2024-04-09T11:25:54","slug":"acelerador-de-extracao-engrenado-modelo-mfae","status":"publish","type":"product","link":"https:\/\/www.maffer.ind.br\/site\/produto\/acelerador-de-extracao-engrenado-modelo-mfae\/","title":{"rendered":"05 &#8211; Acelerador de Extra\u00e7\u00e3o Engrenado Modelo MFAE"},"content":{"rendered":"<p>MFAEP \/ MFAEB \/ MFAER<\/p>\n<p>Os elementos possuem sua fun\u00e7\u00e3o em antecipar a extra\u00e7\u00e3o da pe\u00e7a em pontos espec\u00edficos do produto, quando no est\u00e1gio final do curso de extra\u00e7\u00e3o, permitindo aumentar o curso de pinos extratores espec\u00edficos com o aproveitamento do mesmo curso de extra\u00e7\u00e3o do molde.<\/p>\n<p>Componente robusto com toda a seguran\u00e7a de um sistema engrenado, possibilitando flexibilizar moldes convencionais evitando que a pe\u00e7a fique presa aos componentes de extra\u00e7\u00e3o.<\/p>\n","protected":false},"excerpt":{"rendered":"<ul>\n<li>MFAE &#8211; 10<\/li>\n<li>MFAE &#8211; 20<\/li>\n<\/ul>\n","protected":false},"featured_media":16943,"template":"","meta":[],"product_brand":[],"product_cat":[194],"product_tag":[],"class_list":{"0":"post-16942","1":"product","2":"type-product","3":"status-publish","4":"has-post-thumbnail","6":"product_cat-componentes-padronizados-para-moldes","8":"first","9":"instock","10":"shipping-taxable","11":"product-type-external"},"_links":{"self":[{"href":"https:\/\/www.maffer.ind.br\/site\/wp-json\/wp\/v2\/product\/16942","targetHints":{"allow":["GET"]}}],"collection":[{"href":"https:\/\/www.maffer.ind.br\/site\/wp-json\/wp\/v2\/product"}],"about":[{"href":"https:\/\/www.maffer.ind.br\/site\/wp-json\/wp\/v2\/types\/product"}],"wp:featuredmedia":[{"embeddable":true,"href":"https:\/\/www.maffer.ind.br\/site\/wp-json\/wp\/v2\/media\/16943"}],"wp:attachment":[{"href":"https:\/\/www.maffer.ind.br\/site\/wp-json\/wp\/v2\/media?parent=16942"}],"wp:term":[{"taxonomy":"product_brand","embeddable":true,"href":"https:\/\/www.maffer.ind.br\/site\/wp-json\/wp\/v2\/product_brand?post=16942"},{"taxonomy":"product_cat","embeddable":true,"href":"https:\/\/www.maffer.ind.br\/site\/wp-json\/wp\/v2\/product_cat?post=16942"},{"taxonomy":"product_tag","embeddable":true,"href":"https:\/\/www.maffer.ind.br\/site\/wp-json\/wp\/v2\/product_tag?post=16942"}],"curies":[{"name":"wp","href":"https:\/\/api.w.org\/{rel}","templated":true}]}}