{"id":16931,"date":"2023-03-23T23:28:05","date_gmt":"2023-03-23T23:28:05","guid":{"rendered":"https:\/\/www.maffer.ind.br\/site\/?post_type=product&#038;p=16931"},"modified":"2024-04-01T20:47:04","modified_gmt":"2024-04-01T20:47:04","slug":"carro-deslizante-modelo-mkocuf-e-mkocum","status":"publish","type":"product","link":"https:\/\/www.maffer.ind.br\/site\/produto\/carro-deslizante-modelo-mkocuf-e-mkocum\/","title":{"rendered":"02 &#8211; Carro Deslizante Modelo MKOCUF e MKOCUM"},"content":{"rendered":"<p>Os carros deslizantes t\u00eam sua fun\u00e7\u00e3o para guia na base das hastes de movimenta\u00e7\u00e3o angular.<\/p>\n<p>\u00c9 utilizado para extra\u00e7\u00e3o de detalhes de dif\u00edcil desmoldagem interna e negativos, sem condi\u00e7\u00f5es para sa\u00edda vertical.<\/p>\n<p>Os carros deslizantes Maffer, n\u00e3o necessitam de lubrifica\u00e7\u00e3o em seu funcionamento.<\/p>\n<p>Eles possuem efeito de absorver e compensar pequenas flex\u00f5es e desvios angulares.<\/p>\n<p>Os modelos s\u00e3o diversos e vari\u00e1veis, dependendo de sua aplica\u00e7\u00e3o.<\/p>\n<p>A op\u00e7\u00e3o disponibiliza dois modelos distintos de carros deslizantes.<\/p>\n<p>O primeiro MKOCUF \u00e9 aplicado em casos que a haste seja fixa, sem a op\u00e7\u00e3o de regulagem de ajuste para o comprimento.<\/p>\n<p>A segundo MKOCUM aplica-se para a op\u00e7\u00e3o da necessidade de regulagem para o comprimento da haste.<\/p>\n<p>Esta op\u00e7\u00e3o, tamb\u00e9m est\u00e1 preparada para o caso da necessidade da introdu\u00e7\u00e3o de refrigera\u00e7\u00e3o pela haste.<\/p>\n<p>Em ambas as op\u00e7\u00f5es, o carro opera em \u00e2ngulo e pode ser configurado com escalonamento angular de 1\u00ba.<\/p>\n<p>Os conjuntos MKOCU possuem sua fixa\u00e7\u00e3o pelo lado superior e possuem alojamento para a cabe\u00e7a dos parafusos de fixa\u00e7\u00e3o.<\/p>\n","protected":false},"excerpt":{"rendered":"<p>Disponibilidade de tamanhos padronizados para as hastes:<\/p>\n<ul>\n<li>MKOCUF-08<\/li>\n<li>MKOCUF-10<\/li>\n<li>MKOCUF-12<\/li>\n<li>MKOCUF-16 e MKOCUM-16<\/li>\n<li>MKOCUF-20 e MKOCUM-20<\/li>\n<li>MKOCUF-25 e MKOCUM-25<\/li>\n<li><span style=\"white-space: pre-wrap;\">MKOCUF-30 e MKOCUM-30<\/span><\/li>\n<li><span style=\"white-space: pre-wrap;\">MKOCUF-35 e MKOCUM-35<\/span><\/li>\n<li><span style=\"white-space: pre-wrap;\">MKOCUF-40 e MKOCUM-40<\/span><\/li>\n<\/ul>\n<p><strong>OBS:<\/strong> Os parafusos e pinos j\u00e1 s\u00e3o fornecidos aos conjuntos.<\/p>\n","protected":false},"featured_media":16932,"template":"","meta":[],"product_brand":[],"product_cat":[194],"product_tag":[],"class_list":{"0":"post-16931","1":"product","2":"type-product","3":"status-publish","4":"has-post-thumbnail","6":"product_cat-componentes-padronizados-para-moldes","8":"first","9":"instock","10":"shipping-taxable","11":"product-type-external"},"_links":{"self":[{"href":"https:\/\/www.maffer.ind.br\/site\/wp-json\/wp\/v2\/product\/16931","targetHints":{"allow":["GET"]}}],"collection":[{"href":"https:\/\/www.maffer.ind.br\/site\/wp-json\/wp\/v2\/product"}],"about":[{"href":"https:\/\/www.maffer.ind.br\/site\/wp-json\/wp\/v2\/types\/product"}],"wp:featuredmedia":[{"embeddable":true,"href":"https:\/\/www.maffer.ind.br\/site\/wp-json\/wp\/v2\/media\/16932"}],"wp:attachment":[{"href":"https:\/\/www.maffer.ind.br\/site\/wp-json\/wp\/v2\/media?parent=16931"}],"wp:term":[{"taxonomy":"product_brand","embeddable":true,"href":"https:\/\/www.maffer.ind.br\/site\/wp-json\/wp\/v2\/product_brand?post=16931"},{"taxonomy":"product_cat","embeddable":true,"href":"https:\/\/www.maffer.ind.br\/site\/wp-json\/wp\/v2\/product_cat?post=16931"},{"taxonomy":"product_tag","embeddable":true,"href":"https:\/\/www.maffer.ind.br\/site\/wp-json\/wp\/v2\/product_tag?post=16931"}],"curies":[{"name":"wp","href":"https:\/\/api.w.org\/{rel}","templated":true}]}}